{"id":114,"date":"2012-02-26T17:03:44","date_gmt":"2012-02-26T17:03:44","guid":{"rendered":"http:\/\/grafonola.wordpress.com\/?page_id=114"},"modified":"2016-05-17T11:28:17","modified_gmt":"2016-05-17T11:28:17","slug":"about","status":"publish","type":"page","link":"https:\/\/www.puresound.pt\/?page_id=114","title":{"rendered":"A Marca"},"content":{"rendered":"<p><img loading=\"lazy\" decoding=\"async\" class=\"alignright  wp-image-824\" style=\"border: 0px none;\" src=\"https:\/\/www.puresound.pt\/WP\/wp-content\/uploads\/2013\/03\/PS-Marca-DSC_4645.jpg\" alt=\"PS - Marca - DSC_4645\" width=\"318\" height=\"480\" srcset=\"https:\/\/www.puresound.pt\/WP\/wp-content\/uploads\/2013\/03\/PS-Marca-DSC_4645.jpg 530w, https:\/\/www.puresound.pt\/WP\/wp-content\/uploads\/2013\/03\/PS-Marca-DSC_4645-198x300.jpg 198w\" sizes=\"(max-width: 318px) 100vw, 318px\" \/><br \/>\nA <strong>Pure Sound<\/strong> \u00e9 uma marca detida por <strong>Rui Pedro Sampaio<\/strong> e que \u00e9 especializada em servi\u00e7os profissionais de grava\u00e7\u00e3o, edi\u00e7\u00e3o e produ\u00e7\u00e3o musical.<\/p>\n<p><strong><em>Excel\u00eancia<\/em><br \/>\n<\/strong><\/p>\n<ul>\n<li>Tem como filosofia de trabalho a capta\u00e7\u00e3o e preserva\u00e7\u00e3o das caracter\u00edsticas ac\u00fasticas e sonoras naturais das obras musicais, dos seus int\u00e9rpretes assim como dos locais de grava\u00e7\u00e3o, tornando assim a\u00a0<strong>Pure Sound<\/strong>\u00a0a aposta certa para o seu projecto musical.<\/li>\n<\/ul>\n<p><em><strong>Forma\u00e7\u00e3o<\/strong><\/em><\/p>\n<ul>\n<li>A Pure Sound \u00e9 uma marca registada\u00a0por Rui Pedro Sampaio,que possui forma\u00e7\u00e3o superior em Produ\u00e7\u00e3o e Tecnologias da M\u00fasica, pela Escola Superior de M\u00fasica, Artes e Espect\u00e1culo do Porto (ESMAE), forma\u00e7\u00e3o complementar em m\u00fasica cl\u00e1ssica pela Academia de M\u00fasica de Vilar de Para\u00edso, bem como mestrado em multim\u00e9dia (ramo de m\u00fasica) pela Faculdade de Engenharia da Universidade do Porto.<\/li>\n<\/ul>\n<p><strong><em>Profissionalismo<\/em><\/strong><\/p>\n<ul>\n<li>A cada projecto, a Pure Sound emprega toda a sua dedica\u00e7\u00e3o e profissionalismo, sempre com o objectivo de captar e extrair de forma fiel a interpreta\u00e7\u00e3o dos m\u00fasicos, a est\u00e9tica musical do projecto e a ac\u00fastica do local.<\/li>\n<\/ul>\n<p><strong><em>Experi\u00eancia<\/em><\/strong><\/p>\n<ul>\n<li>Conta na sua\u00a0experi\u00eancia com a grava\u00e7\u00e3o, edi\u00e7\u00e3o e produ\u00e7\u00e3o \u00e1udio de projectos musicais na \u00e1rea da m\u00fasica cl\u00e1ssica, bem como na grava\u00e7\u00e3o e registo \u00e1udio de concertos. Realizou inclusivamente o registo \u00e1udio de uma temporada de concertos da Casa da M\u00fasica do Porto.<\/li>\n<li>Realiza tamb\u00e9m trabalho como docente na Escola Superior de M\u00fasica, Artes e Espet\u00e1culo do Porto, bem como na Academia de M\u00fasica de Vilar do Para\u00edso, em Vila Nova de Gaia.<\/li>\n<\/ul>\n<p>Disfrute da p\u00e1gina, consulte o portf\u00f3lio e sinta-se \u00e0 vontade para contactar, ser\u00e3o facultadas\u00a0solu\u00e7\u00f5es \u00e0 medida do seu projecto.<\/p>\n<div id='Facebook' class='widgets_on_page wop_tiny1  wop_small1  wop_medium1  wop_large1  wop_wide1'>\n\t\t\t<ul><div class=\"ci-socials-ignited ci-socials-ignited-fa\"><a href=\"https:\/\/www.facebook.com\/puresound.pt\" target=\"_blank\"  title=\"a Pure Sound no Facebook\"><i class=\"fab fa-facebook-f\"><\/i><\/a><\/div><\/li><\/ul><\/div><!-- widgets_on_page -->\n","protected":false},"excerpt":{"rendered":"<p>A Pure Sound \u00e9 uma marca detida por Rui Pedro Sampaio e que \u00e9 especializada em servi\u00e7os profissionais de grava\u00e7\u00e3o, edi\u00e7\u00e3o e produ\u00e7\u00e3o musical. Excel\u00eancia Tem como filosofia de trabalho a capta\u00e7\u00e3o e preserva\u00e7\u00e3o das [&hellip;]<\/p>\n","protected":false},"author":1,"featured_media":0,"parent":0,"menu_order":0,"comment_status":"closed","ping_status":"closed","template":"full-width-page.php","meta":{"footnotes":""},"_links":{"self":[{"href":"https:\/\/www.puresound.pt\/index.php?rest_route=\/wp\/v2\/pages\/114"}],"collection":[{"href":"https:\/\/www.puresound.pt\/index.php?rest_route=\/wp\/v2\/pages"}],"about":[{"href":"https:\/\/www.puresound.pt\/index.php?rest_route=\/wp\/v2\/types\/page"}],"author":[{"embeddable":true,"href":"https:\/\/www.puresound.pt\/index.php?rest_route=\/wp\/v2\/users\/1"}],"replies":[{"embeddable":true,"href":"https:\/\/www.puresound.pt\/index.php?rest_route=%2Fwp%2Fv2%2Fcomments&post=114"}],"version-history":[{"count":49,"href":"https:\/\/www.puresound.pt\/index.php?rest_route=\/wp\/v2\/pages\/114\/revisions"}],"predecessor-version":[{"id":1132,"href":"https:\/\/www.puresound.pt\/index.php?rest_route=\/wp\/v2\/pages\/114\/revisions\/1132"}],"wp:attachment":[{"href":"https:\/\/www.puresound.pt\/index.php?rest_route=%2Fwp%2Fv2%2Fmedia&parent=114"}],"curies":[{"name":"wp","href":"https:\/\/api.w.org\/{rel}","templated":true}]}}