{"id":120,"date":"2012-02-26T17:18:42","date_gmt":"2012-02-26T17:18:42","guid":{"rendered":"http:\/\/grafonola.wordpress.com\/?page_id=120"},"modified":"2022-02-05T22:32:17","modified_gmt":"2022-02-05T22:32:17","slug":"orcamentos-2","status":"publish","type":"page","link":"https:\/\/www.puresound.pt\/?page_id=120","title":{"rendered":"Contactos"},"content":{"rendered":"<p>Sinta-se \u00e0 vontade para contactar atrav\u00e9s do email <strong>info [at] puresound.pt<\/strong><\/p>\n<p>Poder\u00e1 tamb\u00e9m usar\u00a0o formul\u00e1rio que se segue.<\/p>\n<p style=\"text-align: left;\">A <strong>Pure Sound<\/strong> responder\u00e1 o mais rapidamente poss\u00edvel.<\/p>\n<p style=\"text-align: left;\"><div class=\"everest-forms\"><div class=\"evf-container default\" id=\"evf-1226\"><form id=\"evf-form-1226\" class=\"everest-form\" data-formid=\"1226\" data-ajax_submission=\"0\" data-keyboard_friendly_form=\"0\" method=\"post\" enctype=\"multipart\/form-data\" action=\"\/index.php?rest_route=%2Fwp%2Fv2%2Fpages%2F120\"><div class=\"evf-field-container\"><input type=\"hidden\" id=\"_wpnonce1226\" name=\"_wpnonce1226\" value=\"b077d5ceb9\" \/><input type=\"hidden\" name=\"_wp_http_referer\" value=\"\/index.php?rest_route=%2Fwp%2Fv2%2Fpages%2F120\" \/><div class=\"evf-frontend-row\" data-row=\"row_1\" conditional_rules=\"[]\"><div class=\"evf-frontend-grid evf-grid-1\" data-grid=\"grid_1\"><div id=\"evf-1226-field_fullname-container\" class=\"evf-field evf-field-text form-row validate-required\" data-required-field-message=\"Campo obrigat\u00f3rio\" data-field-id=\"fullname\"><label class=\"evf-field-label\" for=\"evf-1226-field_fullname\"><span class=\"evf-label\">Nome<\/span> <abbr class=\"required\" title=\"Required\">*<\/abbr><\/label><input type=\"text\" id=\"evf-1226-field_fullname\" class=\"input-text\" name=\"everest_forms[form_fields][fullname]\" required><\/div><div id=\"evf-1226-field_email-container\" class=\"evf-field evf-field-email form-row validate-required validate-email\" data-required-field-message=\"Por favor, introduza um email v\u00e1lido.\" data-field-id=\"email\"><label class=\"evf-field-label\" for=\"evf-1226-field_email\"><span class=\"evf-label\">Email<\/span> <abbr class=\"required\" title=\"Required\">*<\/abbr><\/label><input type=\"email\" id=\"evf-1226-field_email\" class=\"input-text\" name=\"everest_forms[form_fields][email]\" required ><\/div><div id=\"evf-1226-field_398z7YKCRd-1-container\" class=\"evf-field evf-field-number form-row validate-required\" data-required-field-message=\"Por favor, introduza um n\u00famero v\u00e1lido.\" data-field-id=\"398z7YKCRd-1\"><label class=\"evf-field-label\" for=\"evf-1226-field_398z7YKCRd-1\"><span class=\"evf-label\">Telefone<\/span> <abbr class=\"required\" title=\"Required\">*<\/abbr><\/label><input type=\"number\" id=\"evf-1226-field_398z7YKCRd-1\" class=\"input-text\" name=\"everest_forms[form_fields][398z7YKCRd-1]\" step=\"1\" required\/><\/div><div id=\"evf-1226-field_subject-container\" class=\"evf-field evf-field-text form-row validate-required\" data-required-field-message=\"Campo obrigat\u00f3rio\" data-field-id=\"subject\"><label class=\"evf-field-label\" for=\"evf-1226-field_subject\"><span class=\"evf-label\">Subject<\/span> <abbr class=\"required\" title=\"Required\">*<\/abbr><\/label><input type=\"text\" id=\"evf-1226-field_subject\" class=\"input-text\" name=\"everest_forms[form_fields][subject]\" required><\/div><div id=\"evf-1226-field_message-container\" class=\"evf-field evf-field-textarea form-row validate-required\" data-required-field-message=\"Campo obrigat\u00f3rio\" data-field-id=\"message\"><label class=\"evf-field-label\" for=\"evf-1226-field_message\"><span class=\"evf-label\">Messagem<\/span> <abbr class=\"required\" title=\"Required\">*<\/abbr><\/label><textarea id=\"evf-1226-field_message\" class=\"input-text\" name=\"everest_forms[form_fields][message]\" required ><\/textarea><\/div><\/div><\/div><\/div><div class=\"evf-honeypot-container evf-field-hp\"><label for=\"evf-1226-field-hp\" class=\"evf-field-label\">Name<\/label><input type=\"text\" name=\"everest_forms[hp]\" id=\"evf-1226-field-hp\" class=\"input-text\"><\/div><div class=\"evf-recaptcha-container recaptcha-hidden\" style=\"display:block\"><input type=\"hidden\" name=\"everest_forms[recaptcha]\" value=\"\"><\/div><div class=\"evf-submit-container \" ><input type=\"hidden\" name=\"everest_forms[id]\" value=\"1226\"><input type=\"hidden\" name=\"everest_forms[author]\" value=\"1\"><button type='submit' name='everest_forms[submit]' class='everest-forms-submit-button button evf-submit ' id='evf-submit-1226' value='evf-submit' data-process-text=\"A processar...\" conditional_rules='&quot;&quot;' conditional_id='evf-submit-1226'  id=\"evf-submit-1226\" aria-live=\"assertive\">Enviar<\/button><\/div><\/form><\/div><!-- .evf-container --><\/div><\/p>\n<p style=\"text-align: left;\"><div id='Facebook' class='widgets_on_page wop_tiny1  wop_small1  wop_medium1  wop_large1  wop_wide1'>\n\t\t\t<ul><div class=\"ci-socials-ignited ci-socials-ignited-fa\"><a href=\"https:\/\/www.facebook.com\/puresound.pt\" target=\"_blank\"  title=\"a Pure Sound no Facebook\"><i class=\"fab fa-facebook-f\"><\/i><\/a><\/div><\/li><\/ul><\/div><!-- widgets_on_page --><\/p>\n","protected":false},"excerpt":{"rendered":"<p>Sinta-se \u00e0 vontade para contactar atrav\u00e9s do email info [at] puresound.pt Poder\u00e1 tamb\u00e9m usar\u00a0o formul\u00e1rio que se segue. A Pure Sound responder\u00e1 o mais rapidamente poss\u00edvel.<\/p>\n","protected":false},"author":1,"featured_media":0,"parent":0,"menu_order":1,"comment_status":"closed","ping_status":"closed","template":"","meta":{"footnotes":""},"_links":{"self":[{"href":"https:\/\/www.puresound.pt\/index.php?rest_route=\/wp\/v2\/pages\/120"}],"collection":[{"href":"https:\/\/www.puresound.pt\/index.php?rest_route=\/wp\/v2\/pages"}],"about":[{"href":"https:\/\/www.puresound.pt\/index.php?rest_route=\/wp\/v2\/types\/page"}],"author":[{"embeddable":true,"href":"https:\/\/www.puresound.pt\/index.php?rest_route=\/wp\/v2\/users\/1"}],"replies":[{"embeddable":true,"href":"https:\/\/www.puresound.pt\/index.php?rest_route=%2Fwp%2Fv2%2Fcomments&post=120"}],"version-history":[{"count":44,"href":"https:\/\/www.puresound.pt\/index.php?rest_route=\/wp\/v2\/pages\/120\/revisions"}],"predecessor-version":[{"id":1298,"href":"https:\/\/www.puresound.pt\/index.php?rest_route=\/wp\/v2\/pages\/120\/revisions\/1298"}],"wp:attachment":[{"href":"https:\/\/www.puresound.pt\/index.php?rest_route=%2Fwp%2Fv2%2Fmedia&parent=120"}],"curies":[{"name":"wp","href":"https:\/\/api.w.org\/{rel}","templated":true}]}}