{"id":325,"date":"2012-07-20T14:18:40","date_gmt":"2012-07-20T14:18:40","guid":{"rendered":"http:\/\/paginas.fe.up.pt\/~mm10039\/WP\/?page_id=2"},"modified":"2016-05-17T11:25:50","modified_gmt":"2016-05-17T11:25:50","slug":"sample-page-2","status":"publish","type":"page","link":"https:\/\/www.puresound.pt\/","title":{"rendered":""},"content":{"rendered":"<p style=\"text-align: center;\"><img loading=\"lazy\" decoding=\"async\" class=\"size-full wp-image-777 aligncenter\" style=\"border: 0px;\" src=\"https:\/\/www.puresound.pt\/WP\/wp-content\/uploads\/2013\/03\/logo-WEB_ondas.png\" alt=\"logo WEB_ondas\" width=\"534\" height=\"119\" srcset=\"https:\/\/www.puresound.pt\/WP\/wp-content\/uploads\/2013\/03\/logo-WEB_ondas.png 534w, https:\/\/www.puresound.pt\/WP\/wp-content\/uploads\/2013\/03\/logo-WEB_ondas-300x66.png 300w\" sizes=\"(max-width: 534px) 100vw, 534px\" \/><\/p>\n<p style=\"text-align: center;\">Bem-vindo \u00e0 Pure Sound!<\/p>\n<p>&nbsp;<\/p>\n<p style=\"text-align: center;\">Grava\u00e7\u00e3o, edi\u00e7\u00e3o e produ\u00e7\u00e3o musical!<\/p>\n<p style=\"text-align: right;\"><div id='Facebook' class='widgets_on_page wop_tiny1  wop_small1  wop_medium1  wop_large1  wop_wide1'>\n\t\t\t<ul><div class=\"ci-socials-ignited ci-socials-ignited-fa\"><a href=\"https:\/\/www.facebook.com\/puresound.pt\" target=\"_blank\"  title=\"a Pure Sound no Facebook\"><i class=\"fab fa-facebook-f\"><\/i><\/a><\/div><\/li><\/ul><\/div><!-- widgets_on_page --><\/p>\n","protected":false},"excerpt":{"rendered":"<p>Bem-vindo \u00e0 Pure Sound! &nbsp; Grava\u00e7\u00e3o, edi\u00e7\u00e3o e produ\u00e7\u00e3o musical!<\/p>\n","protected":false},"author":1,"featured_media":0,"parent":0,"menu_order":0,"comment_status":"closed","ping_status":"closed","template":"full-width-page.php","meta":{"footnotes":""},"_links":{"self":[{"href":"https:\/\/www.puresound.pt\/index.php?rest_route=\/wp\/v2\/pages\/325"}],"collection":[{"href":"https:\/\/www.puresound.pt\/index.php?rest_route=\/wp\/v2\/pages"}],"about":[{"href":"https:\/\/www.puresound.pt\/index.php?rest_route=\/wp\/v2\/types\/page"}],"author":[{"embeddable":true,"href":"https:\/\/www.puresound.pt\/index.php?rest_route=\/wp\/v2\/users\/1"}],"replies":[{"embeddable":true,"href":"https:\/\/www.puresound.pt\/index.php?rest_route=%2Fwp%2Fv2%2Fcomments&post=325"}],"version-history":[{"count":40,"href":"https:\/\/www.puresound.pt\/index.php?rest_route=\/wp\/v2\/pages\/325\/revisions"}],"predecessor-version":[{"id":1131,"href":"https:\/\/www.puresound.pt\/index.php?rest_route=\/wp\/v2\/pages\/325\/revisions\/1131"}],"wp:attachment":[{"href":"https:\/\/www.puresound.pt\/index.php?rest_route=%2Fwp%2Fv2%2Fmedia&parent=325"}],"curies":[{"name":"wp","href":"https:\/\/api.w.org\/{rel}","templated":true}]}}