{"id":696,"date":"2013-02-11T12:45:01","date_gmt":"2013-02-11T12:45:01","guid":{"rendered":"http:\/\/www.puresound.pt\/WP\/?page_id=696"},"modified":"2015-12-15T18:17:17","modified_gmt":"2015-12-15T18:17:17","slug":"servicos","status":"publish","type":"page","link":"https:\/\/www.puresound.pt\/?page_id=696","title":{"rendered":"Servi\u00e7os"},"content":{"rendered":"<p style=\"text-align: center;\">\r\n\t<div class=\"slideshow_container slideshow_container_style-light\" style=\"height: 200px; \" data-slideshow-id=\"691\" data-style-name=\"style-light\" data-style-version=\"2.3.1\" >\r\n\r\n\t\t\t\t\t<div class=\"slideshow_loading_icon\"><\/div>\r\n\t\t\r\n\t\t<div class=\"slideshow_content\" style=\"display: none;\">\r\n\r\n\t\t\t<div class=\"slideshow_view\">\r\n\t\t\t\t<div class=\"slideshow_slide slideshow_slide_image\">\r\n\t\t\t\t\t\t\t\t\t\t\t<img src=\"https:\/\/www.puresound.pt\/WP\/wp-content\/uploads\/2013\/03\/PS-Slideshow-DSC_4793.jpg\" alt=\"PS - Slideshow - DSC_4793\" width=\"302\" height=\"200\" \/>\r\n\t\t\t\t\t\t\t\t\t\t<div class=\"slideshow_description_box slideshow_transparent\">\r\n\t\t\t\t\t\t<div class=\"slideshow_title\">PS - Slideshow - DSC_4793<\/div>\t\t\t\t\t\t\t\t\t\t\t<\/div>\r\n\t\t\t\t<\/div>\r\n\r\n\t\t\t\t\t\t\r\n\t\t\t\t<div class=\"slideshow_slide slideshow_slide_image\">\r\n\t\t\t\t\t\t\t\t\t\t\t<img src=\"https:\/\/www.puresound.pt\/WP\/wp-content\/uploads\/2013\/03\/PS-Slideshow-DSC_4816.jpg\" alt=\"PS - Slideshow - DSC_4816\" width=\"302\" height=\"200\" \/>\r\n\t\t\t\t\t\t\t\t\t\t<div class=\"slideshow_description_box slideshow_transparent\">\r\n\t\t\t\t\t\t<div class=\"slideshow_title\">PS - Slideshow - DSC_4816<\/div>\t\t\t\t\t\t\t\t\t\t\t<\/div>\r\n\t\t\t\t<\/div>\r\n\r\n\t\t\t\t\t\t\r\n\t\t\t\t<div class=\"slideshow_slide slideshow_slide_image\">\r\n\t\t\t\t\t\t\t\t\t\t\t<img src=\"https:\/\/www.puresound.pt\/WP\/wp-content\/uploads\/2013\/03\/PS-Slideshow-DSC_4795.jpg\" alt=\"PS - Slideshow - DSC_4795\" width=\"302\" height=\"200\" \/>\r\n\t\t\t\t\t\t\t\t\t\t<div class=\"slideshow_description_box slideshow_transparent\">\r\n\t\t\t\t\t\t<div class=\"slideshow_title\">PS - Slideshow - DSC_4795<\/div>\t\t\t\t\t\t\t\t\t\t\t<\/div>\r\n\t\t\t\t<\/div>\r\n\r\n\t\t\t\t\t\t<div style=\"clear: both;\"><\/div><\/div><div class=\"slideshow_view\">\r\n\t\t\t\t<div class=\"slideshow_slide slideshow_slide_image\">\r\n\t\t\t\t\t\t\t\t\t\t\t<img src=\"https:\/\/www.puresound.pt\/WP\/wp-content\/uploads\/2013\/03\/PS-Slideshow-DSC_6237.jpg\" alt=\"PS - Slideshow - DSC_6237\" width=\"302\" height=\"200\" \/>\r\n\t\t\t\t\t\t\t\t\t\t<div class=\"slideshow_description_box slideshow_transparent\">\r\n\t\t\t\t\t\t<div class=\"slideshow_title\">PS - Slideshow - DSC_6237<\/div>\t\t\t\t\t\t\t\t\t\t\t<\/div>\r\n\t\t\t\t<\/div>\r\n\r\n\t\t\t\t\t\t\r\n\t\t\t\t<div class=\"slideshow_slide slideshow_slide_image\">\r\n\t\t\t\t\t\t\t\t\t\t\t<img src=\"https:\/\/www.puresound.pt\/WP\/wp-content\/uploads\/2013\/03\/PS-Slideshow-DSC_6248.jpg\" alt=\"PS - Slideshow - DSC_6248\" width=\"302\" height=\"200\" \/>\r\n\t\t\t\t\t\t\t\t\t\t<div class=\"slideshow_description_box slideshow_transparent\">\r\n\t\t\t\t\t\t<div class=\"slideshow_title\">PS - Slideshow - DSC_6248<\/div>\t\t\t\t\t\t\t\t\t\t\t<\/div>\r\n\t\t\t\t<\/div>\r\n\r\n\t\t\t\t\t\t\r\n\t\t\t\t<div class=\"slideshow_slide slideshow_slide_image\">\r\n\t\t\t\t\t\t\t\t\t\t\t<img src=\"https:\/\/www.puresound.pt\/WP\/wp-content\/uploads\/2013\/03\/PS-Slideshow-DSC_6243.jpg\" alt=\"PS - Slideshow - DSC_6243\" width=\"302\" height=\"200\" \/>\r\n\t\t\t\t\t\t\t\t\t\t<div class=\"slideshow_description_box slideshow_transparent\">\r\n\t\t\t\t\t\t<div class=\"slideshow_title\">PS - Slideshow - DSC_6243<\/div>\t\t\t\t\t\t\t\t\t\t\t<\/div>\r\n\t\t\t\t<\/div>\r\n\r\n\t\t\t\t\t\t<div style=\"clear: both;\"><\/div><\/div><div class=\"slideshow_view\">\r\n\t\t\t\t<div class=\"slideshow_slide slideshow_slide_image\">\r\n\t\t\t\t\t\t\t\t\t\t\t<img src=\"https:\/\/www.puresound.pt\/WP\/wp-content\/uploads\/2013\/03\/PS-Slideshow-DSC_4812.jpg\" alt=\"PS - Slideshow - DSC_4812\" width=\"302\" height=\"200\" \/>\r\n\t\t\t\t\t\t\t\t\t\t<div class=\"slideshow_description_box slideshow_transparent\">\r\n\t\t\t\t\t\t<div class=\"slideshow_title\">PS - Slideshow - DSC_4812<\/div>\t\t\t\t\t\t\t\t\t\t\t<\/div>\r\n\t\t\t\t<\/div>\r\n\r\n\t\t\t\t\t\t\r\n\t\t\t\t<div class=\"slideshow_slide slideshow_slide_image\">\r\n\t\t\t\t\t\t\t\t\t\t\t<img src=\"https:\/\/www.puresound.pt\/WP\/wp-content\/uploads\/2013\/03\/PS-Slideshow-DSC_4803.jpg\" alt=\"PS - Slideshow - DSC_4803\" width=\"302\" height=\"200\" \/>\r\n\t\t\t\t\t\t\t\t\t\t<div class=\"slideshow_description_box slideshow_transparent\">\r\n\t\t\t\t\t\t<div class=\"slideshow_title\">PS - Slideshow - DSC_4803<\/div>\t\t\t\t\t\t\t\t\t\t\t<\/div>\r\n\t\t\t\t<\/div>\r\n\r\n\t\t\t\t\t\t\r\n\t\t\t\t<div class=\"slideshow_slide slideshow_slide_image\">\r\n\t\t\t\t\t\t\t\t\t\t\t<img src=\"https:\/\/www.puresound.pt\/WP\/wp-content\/uploads\/2013\/03\/PS-Slideshow-DSC_4797.jpg\" alt=\"PS - Slideshow - DSC_4797\" width=\"302\" height=\"200\" \/>\r\n\t\t\t\t\t\t\t\t\t\t<div class=\"slideshow_description_box slideshow_transparent\">\r\n\t\t\t\t\t\t<div class=\"slideshow_title\">PS - Slideshow - DSC_4797<\/div>\t\t\t\t\t\t\t\t\t\t\t<\/div>\r\n\t\t\t\t<\/div>\r\n\r\n\t\t\t\t\t\t<div style=\"clear: both;\"><\/div><\/div><div class=\"slideshow_view\">\r\n\t\t\t\t<div class=\"slideshow_slide slideshow_slide_image\">\r\n\t\t\t\t\t\t\t\t\t\t\t<img src=\"https:\/\/www.puresound.pt\/WP\/wp-content\/uploads\/2013\/03\/PS-Slideshow-DSC_4835.jpg\" alt=\"PS - Slideshow - DSC_4835\" width=\"302\" height=\"200\" \/>\r\n\t\t\t\t\t\t\t\t\t\t<div class=\"slideshow_description_box slideshow_transparent\">\r\n\t\t\t\t\t\t<div class=\"slideshow_title\">PS - Slideshow - DSC_4835<\/div>\t\t\t\t\t\t\t\t\t\t\t<\/div>\r\n\t\t\t\t<\/div>\r\n\r\n\t\t\t\t\t\t\r\n\t\t\t\t<div class=\"slideshow_slide slideshow_slide_image\">\r\n\t\t\t\t\t\t\t\t\t\t\t<img src=\"https:\/\/www.puresound.pt\/WP\/wp-content\/uploads\/2013\/03\/PS-Slideshow-DSC_5635.jpg\" alt=\"PS - Slideshow - DSC_5635\" width=\"302\" height=\"200\" \/>\r\n\t\t\t\t\t\t\t\t\t\t<div class=\"slideshow_description_box slideshow_transparent\">\r\n\t\t\t\t\t\t<div class=\"slideshow_title\">PS - Slideshow - DSC_5635<\/div>\t\t\t\t\t\t\t\t\t\t\t<\/div>\r\n\t\t\t\t<\/div>\r\n\r\n\t\t\t\t\t\t\r\n\t\t\t\t<div class=\"slideshow_slide slideshow_slide_image\">\r\n\t\t\t\t\t\t\t\t\t\t\t<img src=\"https:\/\/www.puresound.pt\/WP\/wp-content\/uploads\/2013\/03\/PS-Slideshow-DSC_5638.jpg\" alt=\"PS - Slideshow - DSC_5638\" width=\"302\" height=\"200\" \/>\r\n\t\t\t\t\t\t\t\t\t\t<div class=\"slideshow_description_box slideshow_transparent\">\r\n\t\t\t\t\t\t<div class=\"slideshow_title\">PS - Slideshow - DSC_5638<\/div>\t\t\t\t\t\t\t\t\t\t\t<\/div>\r\n\t\t\t\t<\/div>\r\n\r\n\t\t\t\t\t\t<div style=\"clear: both;\"><\/div><\/div><div class=\"slideshow_view\">\r\n\t\t\t\t<div class=\"slideshow_slide slideshow_slide_image\">\r\n\t\t\t\t\t\t\t\t\t\t\t<img src=\"https:\/\/www.puresound.pt\/WP\/wp-content\/uploads\/2013\/03\/PS-Slideshow-DSC_5592.jpg\" alt=\"PS - Slideshow - DSC_5592\" width=\"302\" height=\"200\" \/>\r\n\t\t\t\t\t\t\t\t\t\t<div class=\"slideshow_description_box slideshow_transparent\">\r\n\t\t\t\t\t\t<div class=\"slideshow_title\">PS - Slideshow - DSC_5592<\/div>\t\t\t\t\t\t\t\t\t\t\t<\/div>\r\n\t\t\t\t<\/div>\r\n\r\n\t\t\t\t\t\t\r\n\t\t\t\t<div class=\"slideshow_slide slideshow_slide_image\">\r\n\t\t\t\t\t\t\t\t\t\t\t<img src=\"https:\/\/www.puresound.pt\/WP\/wp-content\/uploads\/2013\/03\/PS-Slideshow-DSC_5602.jpg\" alt=\"PS - Slideshow - DSC_5602\" width=\"302\" height=\"200\" \/>\r\n\t\t\t\t\t\t\t\t\t\t<div class=\"slideshow_description_box slideshow_transparent\">\r\n\t\t\t\t\t\t<div class=\"slideshow_title\">PS - Slideshow - DSC_5602<\/div>\t\t\t\t\t\t\t\t\t\t\t<\/div>\r\n\t\t\t\t<\/div>\r\n\r\n\t\t\t\t\t\t\r\n\t\t\t\t<div class=\"slideshow_slide slideshow_slide_image\">\r\n\t\t\t\t\t\t\t\t\t\t\t<img src=\"https:\/\/www.puresound.pt\/WP\/wp-content\/uploads\/2013\/03\/PS-Slideshow-DSC_5618.jpg\" alt=\"PS - Slideshow - DSC_5618\" width=\"302\" height=\"200\" \/>\r\n\t\t\t\t\t\t\t\t\t\t<div class=\"slideshow_description_box slideshow_transparent\">\r\n\t\t\t\t\t\t<div class=\"slideshow_title\">PS - Slideshow - DSC_5618<\/div>\t\t\t\t\t\t\t\t\t\t\t<\/div>\r\n\t\t\t\t<\/div>\r\n\r\n\t\t\t\t\t\t<div style=\"clear: both;\"><\/div><\/div><div class=\"slideshow_view\">\r\n\t\t\t\t<div class=\"slideshow_slide slideshow_slide_image\">\r\n\t\t\t\t\t\t\t\t\t\t\t<img src=\"https:\/\/www.puresound.pt\/WP\/wp-content\/uploads\/2013\/03\/PS-Slideshow-DSC00027.jpg\" alt=\"PS - Slideshow - DSC00027\" width=\"304\" height=\"200\" \/>\r\n\t\t\t\t\t\t\t\t\t\t<div class=\"slideshow_description_box slideshow_transparent\">\r\n\t\t\t\t\t\t<div class=\"slideshow_title\">PS - Slideshow - DSC00027<\/div>\t\t\t\t\t\t\t\t\t\t\t<\/div>\r\n\t\t\t\t<\/div>\r\n\r\n\t\t\t\t\t\t\r\n\t\t\t\t<div class=\"slideshow_slide slideshow_slide_image\">\r\n\t\t\t\t\t\t\t\t\t\t\t<img src=\"https:\/\/www.puresound.pt\/WP\/wp-content\/uploads\/2013\/03\/PS-Slideshow-DSC_6218.jpg\" alt=\"PS - Slideshow - DSC_6218\" width=\"302\" height=\"200\" \/>\r\n\t\t\t\t\t\t\t\t\t\t<div class=\"slideshow_description_box slideshow_transparent\">\r\n\t\t\t\t\t\t<div class=\"slideshow_title\">PS - Slideshow - DSC_6218<\/div>\t\t\t\t\t\t\t\t\t\t\t<\/div>\r\n\t\t\t\t<\/div>\r\n\r\n\t\t\t\t\t\t\r\n\t\t\t\t<div class=\"slideshow_slide slideshow_slide_image\">\r\n\t\t\t\t\t\t\t\t\t\t\t<img src=\"https:\/\/www.puresound.pt\/WP\/wp-content\/uploads\/2013\/03\/PS-Slideshow-DSC_5665.jpg\" alt=\"PS - Slideshow - DSC_5665\" width=\"302\" height=\"200\" \/>\r\n\t\t\t\t\t\t\t\t\t\t<div class=\"slideshow_description_box slideshow_transparent\">\r\n\t\t\t\t\t\t<div class=\"slideshow_title\">PS - Slideshow - DSC_5665<\/div>\t\t\t\t\t\t\t\t\t\t\t<\/div>\r\n\t\t\t\t<\/div>\r\n\r\n\t\t\t\t\t\t<div style=\"clear: both;\"><\/div><\/div><div class=\"slideshow_view\">\r\n\t\t\t\t<div class=\"slideshow_slide slideshow_slide_image\">\r\n\t\t\t\t\t\t\t\t\t\t\t<img src=\"https:\/\/www.puresound.pt\/WP\/wp-content\/uploads\/2013\/03\/PS-Slideshow-DSC_4827.jpg\" alt=\"PS - Slideshow - DSC_4827\" width=\"302\" height=\"200\" \/>\r\n\t\t\t\t\t\t\t\t\t\t<div class=\"slideshow_description_box slideshow_transparent\">\r\n\t\t\t\t\t\t<div class=\"slideshow_title\">PS - Slideshow - DSC_4827<\/div>\t\t\t\t\t\t\t\t\t\t\t<\/div>\r\n\t\t\t\t<\/div>\r\n\r\n\t\t\t\t\t\t\r\n\t\t\t\t<div class=\"slideshow_slide slideshow_slide_image\">\r\n\t\t\t\t\t\t\t\t\t\t\t<img src=\"https:\/\/www.puresound.pt\/WP\/wp-content\/uploads\/2013\/03\/PS-Slideshow-DSC_5796.jpg\" alt=\"PS - Slideshow - DSC_5796\" width=\"132\" height=\"200\" \/>\r\n\t\t\t\t\t\t\t\t\t\t<div class=\"slideshow_description_box slideshow_transparent\">\r\n\t\t\t\t\t\t<div class=\"slideshow_title\">PS - Slideshow - DSC_5796<\/div>\t\t\t\t\t\t\t\t\t\t\t<\/div>\r\n\t\t\t\t<\/div>\r\n\r\n\t\t\t\t\t\t\r\n\t\t\t\t<div class=\"slideshow_slide slideshow_slide_image\">\r\n\t\t\t\t\t\t\t\t\t\t\t<img src=\"https:\/\/www.puresound.pt\/WP\/wp-content\/uploads\/2013\/03\/PS-Slideshow-DSC_5800.jpg\" alt=\"PS - Slideshow - DSC_5800\" width=\"302\" height=\"200\" \/>\r\n\t\t\t\t\t\t\t\t\t\t<div class=\"slideshow_description_box slideshow_transparent\">\r\n\t\t\t\t\t\t<div class=\"slideshow_title\">PS - Slideshow - DSC_5800<\/div>\t\t\t\t\t\t\t\t\t\t\t<\/div>\r\n\t\t\t\t<\/div>\r\n\r\n\t\t\t\t\t\t<div style=\"clear: both;\"><\/div><\/div><div class=\"slideshow_view\">\r\n\t\t\t\t<div class=\"slideshow_slide slideshow_slide_image\">\r\n\t\t\t\t\t\t\t\t\t\t\t<img src=\"https:\/\/www.puresound.pt\/WP\/wp-content\/uploads\/2013\/03\/PS-Slideshow-DSC_4851.jpg\" alt=\"PS - Slideshow - DSC_4851\" width=\"302\" height=\"200\" \/>\r\n\t\t\t\t\t\t\t\t\t\t<div class=\"slideshow_description_box slideshow_transparent\">\r\n\t\t\t\t\t\t<div class=\"slideshow_title\">PS - Slideshow - DSC_4851<\/div>\t\t\t\t\t\t\t\t\t\t\t<\/div>\r\n\t\t\t\t<\/div>\r\n\r\n\t\t\t\t\t\t<div style=\"clear: both;\"><\/div><\/div>\r\n\t\t<\/div>\r\n\r\n\t\t<div class=\"slideshow_controlPanel slideshow_transparent\" style=\"display: none;\"><ul><li class=\"slideshow_togglePlay\" data-play-text=\"Play\" data-pause-text=\"Pause\"><\/li><\/ul><\/div>\r\n\r\n\t\t<div class=\"slideshow_button slideshow_previous slideshow_transparent\" role=\"button\" data-previous-text=\"Previous\" style=\"display: none;\"><\/div>\r\n\t\t<div class=\"slideshow_button slideshow_next slideshow_transparent\" role=\"button\" data-next-text=\"Next\" style=\"display: none;\"><\/div>\r\n\r\n\t\t<div class=\"slideshow_pagination\" style=\"display: none;\" data-go-to-text=\"Go to slide\"><div class=\"slideshow_pagination_center\"><\/div><\/div>\r\n\r\n\t\t<!-- WordPress Slideshow Version 2.3.1 -->\r\n\r\n\t\t\t<\/div>\r\n\r\n<\/p>\n<p>&nbsp;<\/p>\n<p>A <strong>Pure Sound<\/strong> \u00e9 especializada em\u00a0<strong>grava\u00e7\u00e3o<\/strong>, <strong>edi\u00e7\u00e3o<\/strong>\u00a0e <strong>masteriza\u00e7\u00e3o\u00a0\u00e1udio<\/strong>\u00a0na \u00e1rea da m\u00fasica cl\u00e1ssica, nomeadamente para fins como a produ\u00e7\u00e3o de \u00e1lbuns, de material promocional de m\u00fasicos, ou de registo de concertos\/recitais.<\/p>\n<p>Oferece por isso solu\u00e7\u00f5es \u00e0 medida dos seus projectos, sejam eles a <strong>solo<\/strong>, <strong>m\u00fasica de c\u00e2mara<\/strong> ou <strong>orquestrais<\/strong>, privilegiando sempre a ac\u00fastica natural dos locais, sejam audit\u00f3rios, salas de espect\u00e1culo, igrejas ou catedrais, assim como a interpreta\u00e7\u00e3o dos m\u00fasicos no momento da capta\u00e7\u00e3o\/grava\u00e7\u00e3o e a est\u00e9tica musical do projecto em causa.<\/p>\n<p>\u00c9 igualmente especializada na grava\u00e7\u00e3o e registo de <strong>concertos<\/strong> e <strong>recitais<\/strong>, permitindo assim aos m\u00fasicos registar e perpetuar as suas interpreta\u00e7\u00f5es ao vivo.<\/p>\n<div id='Facebook' class='widgets_on_page wop_tiny1  wop_small1  wop_medium1  wop_large1  wop_wide1'>\n\t\t\t<ul><div class=\"ci-socials-ignited ci-socials-ignited-fa\"><a href=\"https:\/\/www.facebook.com\/puresound.pt\" target=\"_blank\"  title=\"a Pure Sound no Facebook\"><i class=\"fab fa-facebook-f\"><\/i><\/a><\/div><\/li><\/ul><\/div><!-- widgets_on_page -->\n","protected":false},"excerpt":{"rendered":"<p>&nbsp; A Pure Sound \u00e9 especializada em\u00a0grava\u00e7\u00e3o, edi\u00e7\u00e3o\u00a0e masteriza\u00e7\u00e3o\u00a0\u00e1udio\u00a0na \u00e1rea da m\u00fasica cl\u00e1ssica, nomeadamente para fins como a produ\u00e7\u00e3o de \u00e1lbuns, de material promocional de m\u00fasicos, ou de registo de concertos\/recitais. Oferece por isso solu\u00e7\u00f5es [&hellip;]<\/p>\n","protected":false},"author":1,"featured_media":0,"parent":0,"menu_order":0,"comment_status":"closed","ping_status":"closed","template":"full-width-page.php","meta":{"footnotes":""},"_links":{"self":[{"href":"https:\/\/www.puresound.pt\/index.php?rest_route=\/wp\/v2\/pages\/696"}],"collection":[{"href":"https:\/\/www.puresound.pt\/index.php?rest_route=\/wp\/v2\/pages"}],"about":[{"href":"https:\/\/www.puresound.pt\/index.php?rest_route=\/wp\/v2\/types\/page"}],"author":[{"embeddable":true,"href":"https:\/\/www.puresound.pt\/index.php?rest_route=\/wp\/v2\/users\/1"}],"replies":[{"embeddable":true,"href":"https:\/\/www.puresound.pt\/index.php?rest_route=%2Fwp%2Fv2%2Fcomments&post=696"}],"version-history":[{"count":18,"href":"https:\/\/www.puresound.pt\/index.php?rest_route=\/wp\/v2\/pages\/696\/revisions"}],"predecessor-version":[{"id":1129,"href":"https:\/\/www.puresound.pt\/index.php?rest_route=\/wp\/v2\/pages\/696\/revisions\/1129"}],"wp:attachment":[{"href":"https:\/\/www.puresound.pt\/index.php?rest_route=%2Fwp%2Fv2%2Fmedia&parent=696"}],"curies":[{"name":"wp","href":"https:\/\/api.w.org\/{rel}","templated":true}]}}